{"id":158,"date":"2020-02-05T23:08:40","date_gmt":"2020-02-05T22:08:40","guid":{"rendered":"http:\/\/www.kfz-haidbauer.at\/?page_id=158"},"modified":"2024-10-11T06:57:28","modified_gmt":"2024-10-11T04:57:28","slug":"start","status":"publish","type":"page","link":"https:\/\/www.kfz-haidbauer.at\/","title":{"rendered":"News"},"content":{"rendered":"\n<h1 class=\"wp-block-heading has-text-align-center has-black-color has-text-color\" id=\"herzlich-willkommen-beim-kfz-meisterbetrieb-haidbauer\"><strong>Herzlich Willkommen beim <\/strong><br><strong>KFZ-Meisterbetrieb Haidbauer!<\/strong><\/h1>\n\n\n\n<p class=\"has-text-align-center has-black-color has-text-color\" style=\"font-size:18px\">Wir sind Ihr professioneller Partner f\u00fcr alles rund um Ihr Auto. <br>Mit langj\u00e4hriger Erfahrung und Know-How ist Ihr Auto bei uns in <br>kompetenten H\u00e4nden.   <\/p>\n\n\n\n<div class=\"wp-block-cover aligncenter is-light\" style=\"min-height:567px;aspect-ratio:unset;\"><span aria-hidden=\"true\" class=\"wp-block-cover__background has-background-dim-0 has-background-dim\" style=\"background-color:#728c82\"><\/span><img loading=\"lazy\" decoding=\"async\" width=\"2560\" height=\"1920\" class=\"wp-block-cover__image-background wp-image-897\" alt=\"\" src=\"https:\/\/www.kfz-haidbauer.at\/wp-content\/uploads\/2024\/10\/20230713_125405-scaled.jpg\" data-object-fit=\"cover\" srcset=\"https:\/\/www.kfz-haidbauer.at\/wp-content\/uploads\/2024\/10\/20230713_125405-scaled.jpg 2560w, https:\/\/www.kfz-haidbauer.at\/wp-content\/uploads\/2024\/10\/20230713_125405-300x225.jpg 300w, https:\/\/www.kfz-haidbauer.at\/wp-content\/uploads\/2024\/10\/20230713_125405-1024x768.jpg 1024w, https:\/\/www.kfz-haidbauer.at\/wp-content\/uploads\/2024\/10\/20230713_125405-768x576.jpg 768w, https:\/\/www.kfz-haidbauer.at\/wp-content\/uploads\/2024\/10\/20230713_125405-1536x1152.jpg 1536w, https:\/\/www.kfz-haidbauer.at\/wp-content\/uploads\/2024\/10\/20230713_125405-2048x1536.jpg 2048w\" sizes=\"auto, (max-width: 2560px) 100vw, 2560px\" \/><div class=\"wp-block-cover__inner-container is-layout-flow wp-block-cover-is-layout-flow\">\n<p class=\"has-text-align-center\"><br><br><br><br><br><br><br><br><br><br><br><br><br><br><br><br><br><\/p>\n<\/div><\/div>\n\n\n\n<div style=\"height:20px\" aria-hidden=\"true\" class=\"wp-block-spacer\"><\/div>\n\n\n\n<div style=\"height:54px\" aria-hidden=\"true\" class=\"wp-block-spacer\"><\/div>\n\n\n<div class=\"wp-block-image\">\n<figure class=\"aligncenter size-large\"><img loading=\"lazy\" decoding=\"async\" width=\"1024\" height=\"432\" src=\"https:\/\/www.kfz-haidbauer.at\/wp-content\/uploads\/2020\/02\/Logo-mittel-1024x432.png\" alt=\"\" class=\"wp-image-184\" srcset=\"https:\/\/www.kfz-haidbauer.at\/wp-content\/uploads\/2020\/02\/Logo-mittel-1024x432.png 1024w, https:\/\/www.kfz-haidbauer.at\/wp-content\/uploads\/2020\/02\/Logo-mittel-300x127.png 300w, https:\/\/www.kfz-haidbauer.at\/wp-content\/uploads\/2020\/02\/Logo-mittel-768x324.png 768w, https:\/\/www.kfz-haidbauer.at\/wp-content\/uploads\/2020\/02\/Logo-mittel-1536x648.png 1536w, https:\/\/www.kfz-haidbauer.at\/wp-content\/uploads\/2020\/02\/Logo-mittel.png 1600w\" sizes=\"auto, (max-width: 1024px) 100vw, 1024px\" \/><\/figure>\n<\/div>","protected":false},"excerpt":{"rendered":"<p>Herzlich Willkommen beim KFZ-Meisterbetrieb Haidbauer! Wir sind Ihr professioneller Partner f\u00fcr alles rund um Ihr Auto. Mit langj\u00e4hriger Erfahrung und Know-How ist Ihr Auto bei uns in kompetenten H\u00e4nden.<\/p>\n","protected":false},"author":1,"featured_media":0,"parent":0,"menu_order":0,"comment_status":"closed","ping_status":"closed","template":"","meta":{"footnotes":""},"class_list":["post-158","page","type-page","status-publish","hentry"],"_links":{"self":[{"href":"https:\/\/www.kfz-haidbauer.at\/index.php?rest_route=\/wp\/v2\/pages\/158","targetHints":{"allow":["GET"]}}],"collection":[{"href":"https:\/\/www.kfz-haidbauer.at\/index.php?rest_route=\/wp\/v2\/pages"}],"about":[{"href":"https:\/\/www.kfz-haidbauer.at\/index.php?rest_route=\/wp\/v2\/types\/page"}],"author":[{"embeddable":true,"href":"https:\/\/www.kfz-haidbauer.at\/index.php?rest_route=\/wp\/v2\/users\/1"}],"replies":[{"embeddable":true,"href":"https:\/\/www.kfz-haidbauer.at\/index.php?rest_route=%2Fwp%2Fv2%2Fcomments&post=158"}],"version-history":[{"count":102,"href":"https:\/\/www.kfz-haidbauer.at\/index.php?rest_route=\/wp\/v2\/pages\/158\/revisions"}],"predecessor-version":[{"id":899,"href":"https:\/\/www.kfz-haidbauer.at\/index.php?rest_route=\/wp\/v2\/pages\/158\/revisions\/899"}],"wp:attachment":[{"href":"https:\/\/www.kfz-haidbauer.at\/index.php?rest_route=%2Fwp%2Fv2%2Fmedia&parent=158"}],"curies":[{"name":"wp","href":"https:\/\/api.w.org\/{rel}","templated":true}]}}