{"id":196,"date":"2020-05-09T22:05:41","date_gmt":"2020-05-09T20:05:41","guid":{"rendered":"http:\/\/www.kfz-haidbauer.at\/?page_id=196"},"modified":"2024-10-11T06:56:27","modified_gmt":"2024-10-11T04:56:27","slug":"ueber-uns","status":"publish","type":"page","link":"https:\/\/www.kfz-haidbauer.at\/?page_id=196","title":{"rendered":"\u00dcber Uns"},"content":{"rendered":"\n<h2 class=\"wp-block-heading has-text-align-center\" id=\"liebe-kunden-und-die-die-es-noch-werden-wollen\"><strong>Liebe Kunden und die, die es noch werden wollen<\/strong>!<\/h2>\n\n\n\n<h4 class=\"wp-block-heading has-text-align-center\" id=\"hier-finden-sie-einen-kurzen-uberblick-uber-unseren-familienbetrieb\">Hier finden Sie einen kurzen \u00dcberblick \u00fcber unseren Familienbetrieb! <\/h4>\n\n\n\n<div class=\"wp-block-media-text alignwide is-stacked-on-mobile\" style=\"grid-template-columns:68% auto\"><figure class=\"wp-block-media-text__media\"><img loading=\"lazy\" decoding=\"async\" width=\"1024\" height=\"769\" src=\"https:\/\/www.kfz-haidbauer.at\/wp-content\/uploads\/2020\/05\/20200505_070915-1024x769.jpg\" alt=\"\" class=\"wp-image-372 size-full\" srcset=\"https:\/\/www.kfz-haidbauer.at\/wp-content\/uploads\/2020\/05\/20200505_070915-1024x769.jpg 1024w, https:\/\/www.kfz-haidbauer.at\/wp-content\/uploads\/2020\/05\/20200505_070915-300x225.jpg 300w, https:\/\/www.kfz-haidbauer.at\/wp-content\/uploads\/2020\/05\/20200505_070915-768x577.jpg 768w, https:\/\/www.kfz-haidbauer.at\/wp-content\/uploads\/2020\/05\/20200505_070915-1536x1153.jpg 1536w, https:\/\/www.kfz-haidbauer.at\/wp-content\/uploads\/2020\/05\/20200505_070915-2048x1538.jpg 2048w\" sizes=\"auto, (max-width: 1024px) 100vw, 1024px\" \/><\/figure><div class=\"wp-block-media-text__content\">\n<p class=\"has-black-color has-text-color has-medium-font-size\">Die Wurzeln unseres Familienbetriebes gehen zur\u00fcck bis ins Jahr 1965, wo mein Gro\u00dfvater Johann Haidbauer die Tankstelle baute.<\/p>\n<\/div><\/div>\n\n\n<div class=\"wp-block-image\">\n<figure class=\"aligncenter size-large is-resized\"><img loading=\"lazy\" decoding=\"async\" width=\"1024\" height=\"693\" src=\"https:\/\/www.kfz-haidbauer.at\/wp-content\/uploads\/2020\/05\/20200503_094839_0001-1024x693.jpg\" alt=\"\" class=\"wp-image-329\" style=\"width:481px;height:325px\" srcset=\"https:\/\/www.kfz-haidbauer.at\/wp-content\/uploads\/2020\/05\/20200503_094839_0001-1024x693.jpg 1024w, https:\/\/www.kfz-haidbauer.at\/wp-content\/uploads\/2020\/05\/20200503_094839_0001-300x203.jpg 300w, https:\/\/www.kfz-haidbauer.at\/wp-content\/uploads\/2020\/05\/20200503_094839_0001-768x520.jpg 768w, https:\/\/www.kfz-haidbauer.at\/wp-content\/uploads\/2020\/05\/20200503_094839_0001-1536x1040.jpg 1536w, https:\/\/www.kfz-haidbauer.at\/wp-content\/uploads\/2020\/05\/20200503_094839_0001-2048x1387.jpg 2048w\" sizes=\"auto, (max-width: 1024px) 100vw, 1024px\" \/><\/figure>\n<\/div>\n\n\n<div class=\"wp-block-media-text alignwide has-media-on-the-right is-stacked-on-mobile\" style=\"grid-template-columns:auto 64%\"><div class=\"wp-block-media-text__content\">\n<p class=\"has-black-color has-text-color has-medium-font-size\">1993 erweiterte mein Onkel die Tankstelle mit einer Servicebox  und somit wurde die damalige Firma \u201eReifen Max\u201c geboren.<\/p>\n<\/div><figure class=\"wp-block-media-text__media\"><img loading=\"lazy\" decoding=\"async\" width=\"1024\" height=\"742\" src=\"https:\/\/www.kfz-haidbauer.at\/wp-content\/uploads\/2020\/05\/20200503_110119-1024x742.jpg\" alt=\"\" class=\"wp-image-374 size-full\" srcset=\"https:\/\/www.kfz-haidbauer.at\/wp-content\/uploads\/2020\/05\/20200503_110119-1024x742.jpg 1024w, https:\/\/www.kfz-haidbauer.at\/wp-content\/uploads\/2020\/05\/20200503_110119-300x217.jpg 300w, https:\/\/www.kfz-haidbauer.at\/wp-content\/uploads\/2020\/05\/20200503_110119-768x556.jpg 768w, https:\/\/www.kfz-haidbauer.at\/wp-content\/uploads\/2020\/05\/20200503_110119-1536x1113.jpg 1536w, https:\/\/www.kfz-haidbauer.at\/wp-content\/uploads\/2020\/05\/20200503_110119-2048x1484.jpg 2048w\" sizes=\"auto, (max-width: 1024px) 100vw, 1024px\" \/><\/figure><\/div>\n\n\n\n<p class=\"has-drop-cap has-black-color has-text-color has-medium-font-size\">Schon als kleiner Junge war ich sehr interessiert was die Technik und alles \u00fcber Autos betraf, weshalb ich mich auch schon damals oft im Betrieb meines Onkels aufgehalten habe. Der sympathische, kleine und vor allem famili\u00e4re Betrieb kam damals wie auch heute bei den Kunden gut an und somit wurde immer wieder erweitert und etwas dazu gebaut. <\/p>\n\n\n\n<div class=\"wp-block-media-text alignwide is-stacked-on-mobile\" style=\"grid-template-columns:65% auto\"><figure class=\"wp-block-media-text__media\"><img loading=\"lazy\" decoding=\"async\" width=\"1024\" height=\"662\" src=\"https:\/\/www.kfz-haidbauer.at\/wp-content\/uploads\/2020\/05\/20200505_060231_0001-scaled-e1589054590104-1024x662.jpg\" alt=\"\" class=\"wp-image-379 size-full\" srcset=\"https:\/\/www.kfz-haidbauer.at\/wp-content\/uploads\/2020\/05\/20200505_060231_0001-scaled-e1589054590104-1024x662.jpg 1024w, https:\/\/www.kfz-haidbauer.at\/wp-content\/uploads\/2020\/05\/20200505_060231_0001-scaled-e1589054590104-300x194.jpg 300w, https:\/\/www.kfz-haidbauer.at\/wp-content\/uploads\/2020\/05\/20200505_060231_0001-scaled-e1589054590104-768x496.jpg 768w, https:\/\/www.kfz-haidbauer.at\/wp-content\/uploads\/2020\/05\/20200505_060231_0001-scaled-e1589054590104-1536x992.jpg 1536w, https:\/\/www.kfz-haidbauer.at\/wp-content\/uploads\/2020\/05\/20200505_060231_0001-scaled-e1589054590104-2048x1323.jpg 2048w\" sizes=\"auto, (max-width: 1024px) 100vw, 1024px\" \/><\/figure><div class=\"wp-block-media-text__content\">\n<p class=\"has-black-color has-text-color has-medium-font-size\">Nach einem schweren Schicksalsschlag in unserer Familie, nahm mein Vater die Z\u00fcgel der KFZ-Werkstatt in die Hand.<\/p>\n<\/div><\/div>\n\n\n\n<p class=\"has-black-color has-text-color has-medium-font-size\">Nach wie vor hielt ich mich jede freie Minute in der Werkstatt auf und griff somit meinem Vater unter die Arme. Jegliches Fachwissen \u00fcber Autos wurde mir somit von Anfang an in die Wiege gelegt. Mit den Jahren wuchs unser Betrieb und auch die Kunden nahmen gerne unser Fachwissen an. Seit Juni 2019 darf ich mich KFZ-Meister nennen und werde mit Stolz, viel Erfahrung und Freude diesen Betrieb weiterf\u00fchren und auch weiterhin ausbauen.<\/p>\n\n\n\n<figure class=\"wp-block-image size-large\"><img loading=\"lazy\" decoding=\"async\" width=\"1024\" height=\"678\" src=\"https:\/\/www.kfz-haidbauer.at\/wp-content\/uploads\/2021\/03\/DSC_5662Neu-1-1024x678.jpg\" alt=\"\" class=\"wp-image-647\" srcset=\"https:\/\/www.kfz-haidbauer.at\/wp-content\/uploads\/2021\/03\/DSC_5662Neu-1-1024x678.jpg 1024w, https:\/\/www.kfz-haidbauer.at\/wp-content\/uploads\/2021\/03\/DSC_5662Neu-1-300x199.jpg 300w, https:\/\/www.kfz-haidbauer.at\/wp-content\/uploads\/2021\/03\/DSC_5662Neu-1-768x509.jpg 768w, https:\/\/www.kfz-haidbauer.at\/wp-content\/uploads\/2021\/03\/DSC_5662Neu-1-1536x1017.jpg 1536w, https:\/\/www.kfz-haidbauer.at\/wp-content\/uploads\/2021\/03\/DSC_5662Neu-1-2048x1356.jpg 2048w\" sizes=\"auto, (max-width: 1024px) 100vw, 1024px\" \/><\/figure>\n\n\n<div class=\"wp-block-image\">\n<figure class=\"aligncenter size-large is-resized\"><img loading=\"lazy\" decoding=\"async\" width=\"1024\" height=\"750\" src=\"https:\/\/www.kfz-haidbauer.at\/wp-content\/uploads\/2021\/02\/20210205_161404-1024x750.jpg\" alt=\"\" class=\"wp-image-535\" style=\"width:598px;height:436px\" srcset=\"https:\/\/www.kfz-haidbauer.at\/wp-content\/uploads\/2021\/02\/20210205_161404-1024x750.jpg 1024w, https:\/\/www.kfz-haidbauer.at\/wp-content\/uploads\/2021\/02\/20210205_161404-300x220.jpg 300w, https:\/\/www.kfz-haidbauer.at\/wp-content\/uploads\/2021\/02\/20210205_161404-768x562.jpg 768w, https:\/\/www.kfz-haidbauer.at\/wp-content\/uploads\/2021\/02\/20210205_161404.jpg 1080w\" sizes=\"auto, (max-width: 1024px) 100vw, 1024px\" \/><figcaption class=\"wp-element-caption\"><mark style=\"background-color:rgba(0, 0, 0, 0)\" class=\"has-inline-color has-white-color\"><sub>KFZ-Meister Gerald Haidbauer<\/sub><\/mark><\/figcaption><\/figure>\n<\/div>\n\n\n<p class=\"has-text-align-center has-black-color has-text-color has-medium-font-size\">Wir freuen uns auf Ihren Besuch und bedanken uns f\u00fcr Ihr Vertrauen in unser K\u00f6nnen.<\/p>\n\n\n\n<div class=\"wp-block-group\"><div class=\"wp-block-group__inner-container is-layout-flow wp-block-group-is-layout-flow\">\n<figure class=\"wp-block-gallery aligncenter has-nested-images columns-0 is-cropped wp-block-gallery-1 is-layout-flex wp-block-gallery-is-layout-flex\">\n<figure class=\"wp-block-image size-large\"><img loading=\"lazy\" decoding=\"async\" width=\"1024\" height=\"727\" data-id=\"386\" src=\"https:\/\/www.kfz-haidbauer.at\/wp-content\/uploads\/2020\/05\/20200503_094839_0002-1-1024x727.jpg\" alt=\"\" class=\"wp-image-386\" srcset=\"https:\/\/www.kfz-haidbauer.at\/wp-content\/uploads\/2020\/05\/20200503_094839_0002-1-1024x727.jpg 1024w, https:\/\/www.kfz-haidbauer.at\/wp-content\/uploads\/2020\/05\/20200503_094839_0002-1-300x213.jpg 300w, https:\/\/www.kfz-haidbauer.at\/wp-content\/uploads\/2020\/05\/20200503_094839_0002-1-768x545.jpg 768w, https:\/\/www.kfz-haidbauer.at\/wp-content\/uploads\/2020\/05\/20200503_094839_0002-1-1536x1090.jpg 1536w, https:\/\/www.kfz-haidbauer.at\/wp-content\/uploads\/2020\/05\/20200503_094839_0002-1-2048x1454.jpg 2048w\" sizes=\"auto, (max-width: 1024px) 100vw, 1024px\" \/><\/figure>\n\n\n\n<figure class=\"wp-block-image size-large\"><img loading=\"lazy\" decoding=\"async\" width=\"1024\" height=\"672\" data-id=\"387\" src=\"https:\/\/www.kfz-haidbauer.at\/wp-content\/uploads\/2020\/05\/20200503_095036_0004-1-1024x672.jpg\" alt=\"\" class=\"wp-image-387\" srcset=\"https:\/\/www.kfz-haidbauer.at\/wp-content\/uploads\/2020\/05\/20200503_095036_0004-1-1024x672.jpg 1024w, https:\/\/www.kfz-haidbauer.at\/wp-content\/uploads\/2020\/05\/20200503_095036_0004-1-300x197.jpg 300w, https:\/\/www.kfz-haidbauer.at\/wp-content\/uploads\/2020\/05\/20200503_095036_0004-1-768x504.jpg 768w, https:\/\/www.kfz-haidbauer.at\/wp-content\/uploads\/2020\/05\/20200503_095036_0004-1-1536x1008.jpg 1536w, https:\/\/www.kfz-haidbauer.at\/wp-content\/uploads\/2020\/05\/20200503_095036_0004-1-2048x1345.jpg 2048w\" sizes=\"auto, (max-width: 1024px) 100vw, 1024px\" \/><\/figure>\n\n\n\n<figure class=\"wp-block-image size-large\"><img loading=\"lazy\" decoding=\"async\" width=\"1024\" height=\"677\" data-id=\"388\" src=\"https:\/\/www.kfz-haidbauer.at\/wp-content\/uploads\/2020\/05\/20200503_095150_0005-1-1024x677.jpg\" alt=\"\" class=\"wp-image-388\" srcset=\"https:\/\/www.kfz-haidbauer.at\/wp-content\/uploads\/2020\/05\/20200503_095150_0005-1-1024x677.jpg 1024w, https:\/\/www.kfz-haidbauer.at\/wp-content\/uploads\/2020\/05\/20200503_095150_0005-1-300x198.jpg 300w, https:\/\/www.kfz-haidbauer.at\/wp-content\/uploads\/2020\/05\/20200503_095150_0005-1-768x508.jpg 768w, https:\/\/www.kfz-haidbauer.at\/wp-content\/uploads\/2020\/05\/20200503_095150_0005-1-1536x1016.jpg 1536w, https:\/\/www.kfz-haidbauer.at\/wp-content\/uploads\/2020\/05\/20200503_095150_0005-1-2048x1354.jpg 2048w\" sizes=\"auto, (max-width: 1024px) 100vw, 1024px\" \/><\/figure>\n\n\n\n<figure class=\"wp-block-image size-large\"><img loading=\"lazy\" decoding=\"async\" width=\"1024\" height=\"689\" data-id=\"389\" src=\"https:\/\/www.kfz-haidbauer.at\/wp-content\/uploads\/2020\/05\/20200503_095150_0010-1-1024x689.jpg\" alt=\"\" class=\"wp-image-389\" srcset=\"https:\/\/www.kfz-haidbauer.at\/wp-content\/uploads\/2020\/05\/20200503_095150_0010-1-1024x689.jpg 1024w, https:\/\/www.kfz-haidbauer.at\/wp-content\/uploads\/2020\/05\/20200503_095150_0010-1-300x202.jpg 300w, https:\/\/www.kfz-haidbauer.at\/wp-content\/uploads\/2020\/05\/20200503_095150_0010-1-768x517.jpg 768w, https:\/\/www.kfz-haidbauer.at\/wp-content\/uploads\/2020\/05\/20200503_095150_0010-1-1536x1033.jpg 1536w, https:\/\/www.kfz-haidbauer.at\/wp-content\/uploads\/2020\/05\/20200503_095150_0010-1-2048x1378.jpg 2048w\" sizes=\"auto, (max-width: 1024px) 100vw, 1024px\" \/><\/figure>\n<\/figure>\n<\/div><\/div>\n\n\n<div class=\"wp-block-image\">\n<figure class=\"aligncenter size-large is-resized\"><img loading=\"lazy\" decoding=\"async\" width=\"734\" height=\"1024\" src=\"https:\/\/www.kfz-haidbauer.at\/wp-content\/uploads\/2020\/05\/20200503_095150_0006-scaled-e1588569866194-734x1024.jpg\" alt=\"\" class=\"wp-image-355\" style=\"width:448px;height:625px\" srcset=\"https:\/\/www.kfz-haidbauer.at\/wp-content\/uploads\/2020\/05\/20200503_095150_0006-scaled-e1588569866194-734x1024.jpg 734w, https:\/\/www.kfz-haidbauer.at\/wp-content\/uploads\/2020\/05\/20200503_095150_0006-scaled-e1588569866194-215x300.jpg 215w, https:\/\/www.kfz-haidbauer.at\/wp-content\/uploads\/2020\/05\/20200503_095150_0006-scaled-e1588569866194-768x1071.jpg 768w, https:\/\/www.kfz-haidbauer.at\/wp-content\/uploads\/2020\/05\/20200503_095150_0006-scaled-e1588569866194-1101x1536.jpg 1101w, https:\/\/www.kfz-haidbauer.at\/wp-content\/uploads\/2020\/05\/20200503_095150_0006-scaled-e1588569866194-1468x2048.jpg 1468w, https:\/\/www.kfz-haidbauer.at\/wp-content\/uploads\/2020\/05\/20200503_095150_0006-scaled-e1588569866194.jpg 1657w\" sizes=\"auto, (max-width: 734px) 100vw, 734px\" \/><\/figure>\n<\/div>\n\n\n<p><\/p>\n","protected":false},"excerpt":{"rendered":"<p>Liebe Kunden und die, die es noch werden wollen! Hier finden Sie einen kurzen \u00dcberblick \u00fcber unseren Familienbetrieb! Die Wurzeln unseres Familienbetriebes gehen zur\u00fcck bis ins Jahr 1965, wo mein Gro\u00dfvater Johann Haidbauer die Tankstelle baute. 1993 erweiterte mein Onkel die Tankstelle mit einer Servicebox und somit wurde die damalige Firma \u201eReifen Max\u201c geboren. Schon<span class=\"read-more-faq\"><a href=\"https:\/\/www.kfz-haidbauer.at\/?page_id=196\">Read More<\/a><\/span><\/p>\n","protected":false},"author":1,"featured_media":0,"parent":0,"menu_order":0,"comment_status":"closed","ping_status":"closed","template":"","meta":{"footnotes":""},"class_list":["post-196","page","type-page","status-publish","hentry"],"_links":{"self":[{"href":"https:\/\/www.kfz-haidbauer.at\/index.php?rest_route=\/wp\/v2\/pages\/196","targetHints":{"allow":["GET"]}}],"collection":[{"href":"https:\/\/www.kfz-haidbauer.at\/index.php?rest_route=\/wp\/v2\/pages"}],"about":[{"href":"https:\/\/www.kfz-haidbauer.at\/index.php?rest_route=\/wp\/v2\/types\/page"}],"author":[{"embeddable":true,"href":"https:\/\/www.kfz-haidbauer.at\/index.php?rest_route=\/wp\/v2\/users\/1"}],"replies":[{"embeddable":true,"href":"https:\/\/www.kfz-haidbauer.at\/index.php?rest_route=%2Fwp%2Fv2%2Fcomments&post=196"}],"version-history":[{"count":71,"href":"https:\/\/www.kfz-haidbauer.at\/index.php?rest_route=\/wp\/v2\/pages\/196\/revisions"}],"predecessor-version":[{"id":900,"href":"https:\/\/www.kfz-haidbauer.at\/index.php?rest_route=\/wp\/v2\/pages\/196\/revisions\/900"}],"wp:attachment":[{"href":"https:\/\/www.kfz-haidbauer.at\/index.php?rest_route=%2Fwp%2Fv2%2Fmedia&parent=196"}],"curies":[{"name":"wp","href":"https:\/\/api.w.org\/{rel}","templated":true}]}}