{"id":197,"date":"2020-02-13T21:58:31","date_gmt":"2020-02-13T20:58:31","guid":{"rendered":"http:\/\/www.kfz-haidbauer.at\/?page_id=197"},"modified":"2024-10-11T06:43:04","modified_gmt":"2024-10-11T04:43:04","slug":"__trashed-2","status":"publish","type":"page","link":"https:\/\/www.kfz-haidbauer.at\/?page_id=197","title":{"rendered":"Leistungen"},"content":{"rendered":"\n<div class=\"wp-block-group\"><div class=\"wp-block-group__inner-container is-layout-flow wp-block-group-is-layout-flow\">\n<p class=\"has-black-color has-text-color has-medium-font-size\">Wir sind eine KFZ-Meisterwerkst\u00e4tte f\u00fcr alle Autos aller Hersteller. An erster Stelle steht f\u00fcr uns der pers\u00f6nliche Kontakt zu unseren Kunden. Unser Betrieb besteht ausschlie\u00dflich aus Familienmitgliedern, die  genau, zuverl\u00e4ssig und ehrlich an Ihrem KFZ arbeiten.  Sie als unser Kunde sind bei uns in besten H\u00e4nden. <br>Egal welches Problem ihr Auto aufweist, wir finden gemeinsam eine L\u00f6sung!<\/p>\n\n\n\n<div style=\"height:20px\" aria-hidden=\"true\" class=\"wp-block-spacer\"><\/div>\n<\/div><\/div>\n\n\n\n<div class=\"wp-block-group\"><div class=\"wp-block-group__inner-container is-layout-flow wp-block-group-is-layout-flow\">\n<p><\/p>\n\n\n\n<div class=\"wp-block-columns are-vertically-aligned-top is-layout-flex wp-container-core-columns-is-layout-9d6595d7 wp-block-columns-is-layout-flex\">\n<div class=\"wp-block-column is-vertically-aligned-top is-layout-flow wp-block-column-is-layout-flow\">\n<p class=\"has-text-align-center has-text-color has-background\" style=\"color:#000000;background-color:#ffffff\"><strong><a href=\"https:\/\/www.kfz-haidbauer.at\/?page_id=399\">Reifen<\/a><\/strong><\/p>\n\n\n\n<p class=\"has-text-align-center has-text-color has-background\" style=\"color:#000000;background-color:#ffffff\"><strong><a href=\"https:\/\/www.kfz-haidbauer.at\/?page_id=399\">Felgen<\/a><\/strong><\/p>\n\n\n\n<p class=\"has-text-align-center has-text-color has-background\" style=\"color:#000000;background-color:#ffffff\"><strong><a href=\"https:\/\/www.kfz-haidbauer.at\/?page_id=399\">Reifendepot inkl Waschen<\/a><\/strong><\/p>\n\n\n\n<p class=\"has-text-align-center has-text-color has-background\" style=\"color:#000000;background-color:#ffffff\"><strong><strong><a href=\"https:\/\/www.kfz-haidbauer.at\/?page_id=236\">Softwaretuning<\/a><\/strong><\/strong><\/p>\n\n\n\n<p class=\"has-text-align-center has-text-color has-background\" style=\"color:#000000;background-color:#ffffff\"><strong><strong><a href=\"https:\/\/www.kfz-haidbauer.at\/?page_id=254\">Codierungen<\/a><\/strong><\/strong><\/p>\n\n\n\n<p class=\"has-text-align-center has-text-color has-background\" style=\"color:#000000;background-color:#ffffff\"><strong>Diagnose<\/strong><\/p>\n\n\n\n<p class=\"has-text-align-center has-text-color has-background\" style=\"color:#262626;background-color:#ffffff\"><strong>Batterien<\/strong><\/p>\n<\/div>\n\n\n\n<div class=\"wp-block-column is-vertically-aligned-top is-layout-flow wp-block-column-is-layout-flow\">\n<p class=\"has-text-align-center has-text-color has-background\" style=\"color:#000000;background-color:#ffffff\"><strong>\u00a7 57a \u00dcberpr\u00fcfung<\/strong><\/p>\n\n\n\n<p class=\"has-text-align-center has-text-color has-background\" style=\"color:#000000;background-color:#ffffff\"><strong>Ersatzteile<\/strong><\/p>\n\n\n\n<p class=\"has-text-align-center has-text-color has-background\" style=\"color:#000000;background-color:#ffffff\"><strong>Zahnriemen<\/strong><\/p>\n\n\n\n<p class=\"has-text-align-center has-text-color has-background\" style=\"color:#000000;background-color:#ffffff\"><strong>Steuerkette<\/strong><\/p>\n\n\n\n<p class=\"has-text-align-center has-text-color has-background\" style=\"color:#000000;background-color:#ffffff\"><strong>Kupplung<\/strong><\/p>\n\n\n\n<p class=\"has-text-align-center has-text-color has-background\" style=\"color:#000000;background-color:#ffffff\"><strong>Bremsen<\/strong><\/p>\n\n\n\n<p class=\"has-text-align-center has-text-color has-background\" style=\"color:#000000;background-color:#ffffff\"><strong>Abschleppdienst<\/strong><\/p>\n<\/div>\n\n\n\n<div class=\"wp-block-column is-layout-flow wp-block-column-is-layout-flow\">\n<p class=\"has-text-align-center has-text-color has-background\" style=\"color:#000000;background-color:#ffffff\"><strong>Elektroauto Hochvolt<\/strong><\/p>\n\n\n\n<p class=\"has-text-align-center has-text-color has-background\" style=\"color:#000000;background-color:#ffffff\"><strong><strong>Klimaanlage<\/strong><\/strong><\/p>\n\n\n\n<p class=\"has-text-align-center has-text-color has-background\" style=\"color:#000000;background-color:#ffffff\"><strong>Wartung<\/strong><\/p>\n\n\n\n<p class=\"has-text-align-center has-text-color has-background\" style=\"color:#000000;background-color:#ffffff\"><strong>Leihauto<\/strong><\/p>\n\n\n\n<p class=\"has-text-align-center has-text-color has-background\" style=\"color:#000000;background-color:#ffffff\"><strong>Reparatur<\/strong><\/p>\n\n\n\n<p class=\"has-text-align-center has-text-color has-background\" style=\"color:#000000;background-color:#ffffff\"><strong>Hol- und Bringservice<\/strong><\/p>\n\n\n\n<p class=\"has-text-align-center has-text-color has-background\" style=\"color:#000000;background-color:#ffffff\"><strong>Zubeh\u00f6r<\/strong><\/p>\n<\/div>\n<\/div>\n<\/div><\/div>\n\n\n\n<div class=\"wp-block-group\"><div class=\"wp-block-group__inner-container is-layout-flow wp-block-group-is-layout-flow\">\n<div style=\"height:47px\" aria-hidden=\"true\" class=\"wp-block-spacer\"><\/div>\n\n\n\n<figure class=\"wp-block-gallery aligncenter has-nested-images columns-3 wp-block-gallery-1 is-layout-flex wp-block-gallery-is-layout-flex\">\n<figure class=\"wp-block-image size-large\"><img loading=\"lazy\" decoding=\"async\" width=\"300\" height=\"300\" data-id=\"198\" src=\"https:\/\/www.kfz-haidbauer.at\/wp-content\/uploads\/2020\/02\/5193025-300x300.png\" alt=\"\" class=\"wp-image-198\" srcset=\"https:\/\/www.kfz-haidbauer.at\/wp-content\/uploads\/2020\/02\/5193025-300x300.png 300w, https:\/\/www.kfz-haidbauer.at\/wp-content\/uploads\/2020\/02\/5193025-150x150.png 150w, https:\/\/www.kfz-haidbauer.at\/wp-content\/uploads\/2020\/02\/5193025-100x100.png 100w, https:\/\/www.kfz-haidbauer.at\/wp-content\/uploads\/2020\/02\/5193025.png 700w\" sizes=\"auto, (max-width: 300px) 100vw, 300px\" \/><figcaption class=\"wp-element-caption\"><a href=\"https:\/\/www.kfz-haidbauer.at\/?page_id=399\"><span class=\"has-inline-color has-very-light-gray-color\">Reifenmontage modernster Art<\/span><\/a><\/figcaption><\/figure>\n\n\n\n<figure class=\"wp-block-image size-large\"><img loading=\"lazy\" decoding=\"async\" width=\"300\" height=\"300\" data-id=\"434\" src=\"https:\/\/www.kfz-haidbauer.at\/wp-content\/uploads\/2020\/05\/420p8-2-300x300.png\" alt=\"\" class=\"wp-image-434\" srcset=\"https:\/\/www.kfz-haidbauer.at\/wp-content\/uploads\/2020\/05\/420p8-2-300x300.png 300w, https:\/\/www.kfz-haidbauer.at\/wp-content\/uploads\/2020\/05\/420p8-2-150x150.png 150w, https:\/\/www.kfz-haidbauer.at\/wp-content\/uploads\/2020\/05\/420p8-2-100x100.png 100w, https:\/\/www.kfz-haidbauer.at\/wp-content\/uploads\/2020\/05\/420p8-2.png 500w\" sizes=\"auto, (max-width: 300px) 100vw, 300px\" \/><figcaption class=\"wp-element-caption\"><a href=\"https:\/\/www.kfz-haidbauer.at\/?page_id=399\"><span class=\"has-inline-color has-very-light-gray-color\">Wuchten mit Lasertechnik<\/span><\/a><\/figcaption><\/figure>\n\n\n\n<figure class=\"wp-block-image size-large\"><img loading=\"lazy\" decoding=\"async\" width=\"300\" height=\"197\" data-id=\"435\" src=\"https:\/\/www.kfz-haidbauer.at\/wp-content\/uploads\/2020\/05\/unnamed-1-300x197.png\" alt=\"\" class=\"wp-image-435\" srcset=\"https:\/\/www.kfz-haidbauer.at\/wp-content\/uploads\/2020\/05\/unnamed-1-300x197.png 300w, https:\/\/www.kfz-haidbauer.at\/wp-content\/uploads\/2020\/05\/unnamed-1.png 512w\" sizes=\"auto, (max-width: 300px) 100vw, 300px\" \/><figcaption class=\"wp-element-caption\"><a href=\"https:\/\/www.kfz-haidbauer.at\/?page_id=399\"><span class=\"has-inline-color has-very-light-gray-color\">R\u00e4derwaschmaschine<\/span><\/a><\/figcaption><\/figure>\n\n\n\n<figure class=\"wp-block-image size-large\"><img loading=\"lazy\" decoding=\"async\" width=\"300\" height=\"236\" data-id=\"203\" src=\"https:\/\/www.kfz-haidbauer.at\/wp-content\/uploads\/2020\/02\/patchWORKS-softwaretuning-1-300x236.jpg\" alt=\"\" class=\"wp-image-203\" srcset=\"https:\/\/www.kfz-haidbauer.at\/wp-content\/uploads\/2020\/02\/patchWORKS-softwaretuning-1-300x236.jpg 300w, https:\/\/www.kfz-haidbauer.at\/wp-content\/uploads\/2020\/02\/patchWORKS-softwaretuning-1.jpg 420w\" sizes=\"auto, (max-width: 300px) 100vw, 300px\" \/><figcaption class=\"wp-element-caption\"><a href=\"https:\/\/www.kfz-haidbauer.at\/?page_id=254\"><span class=\"has-inline-color has-very-light-gray-color\">Diagnose und Codierungen<\/span><\/a><\/figcaption><\/figure>\n\n\n\n<figure class=\"wp-block-image size-large\"><img loading=\"lazy\" decoding=\"async\" width=\"300\" height=\"236\" data-id=\"438\" src=\"https:\/\/www.kfz-haidbauer.at\/wp-content\/uploads\/2020\/05\/patchWORKS-softwaretuning-1-300x236.jpg\" alt=\"\" class=\"wp-image-438\" srcset=\"https:\/\/www.kfz-haidbauer.at\/wp-content\/uploads\/2020\/05\/patchWORKS-softwaretuning-1-300x236.jpg 300w, https:\/\/www.kfz-haidbauer.at\/wp-content\/uploads\/2020\/05\/patchWORKS-softwaretuning-1.jpg 420w\" sizes=\"auto, (max-width: 300px) 100vw, 300px\" \/><figcaption class=\"wp-element-caption\"><a href=\"https:\/\/www.kfz-haidbauer.at\/?page_id=236\"><span class=\"has-inline-color has-very-light-gray-color\">Softwaretuning<\/span><\/a><\/figcaption><\/figure>\n\n\n\n<figure class=\"wp-block-image size-large\"><img loading=\"lazy\" decoding=\"async\" width=\"214\" height=\"300\" data-id=\"522\" src=\"https:\/\/www.kfz-haidbauer.at\/wp-content\/uploads\/2020\/05\/57a-1-214x300.jpg\" alt=\"\" class=\"wp-image-522\" srcset=\"https:\/\/www.kfz-haidbauer.at\/wp-content\/uploads\/2020\/05\/57a-1-214x300.jpg 214w, https:\/\/www.kfz-haidbauer.at\/wp-content\/uploads\/2020\/05\/57a-1.jpg 358w\" sizes=\"auto, (max-width: 214px) 100vw, 214px\" \/><figcaption class=\"wp-element-caption\">\u00a7 57a \u00dcberpr\u00fcfung<\/figcaption><\/figure>\n\n\n\n<figure class=\"wp-block-image size-large\"><img loading=\"lazy\" decoding=\"async\" width=\"300\" height=\"205\" data-id=\"437\" src=\"https:\/\/www.kfz-haidbauer.at\/wp-content\/uploads\/2020\/05\/mtk_tandem_01_left_front-300x205.png\" alt=\"\" class=\"wp-image-437\" srcset=\"https:\/\/www.kfz-haidbauer.at\/wp-content\/uploads\/2020\/05\/mtk_tandem_01_left_front-300x205.png 300w, https:\/\/www.kfz-haidbauer.at\/wp-content\/uploads\/2020\/05\/mtk_tandem_01_left_front.png 727w\" sizes=\"auto, (max-width: 300px) 100vw, 300px\" \/><figcaption class=\"wp-element-caption\"><mark style=\"background-color:rgba(0, 0, 0, 0)\" class=\"has-inline-color has-very-light-gray-color\">Abschleppen<\/mark><\/figcaption><\/figure>\n\n\n\n<figure class=\"wp-block-image size-large\"><img loading=\"lazy\" decoding=\"async\" width=\"150\" height=\"150\" data-id=\"212\" src=\"https:\/\/www.kfz-haidbauer.at\/wp-content\/uploads\/2020\/02\/Kaputtes-Auto-Verkaufen.de-Defektes-Auto-verkaufen-2-e1545459512609-o0vszl4par8247pp3bwc91eaxbp4s352ytmyg27s90-150x150.jpg\" alt=\"\" class=\"wp-image-212\" srcset=\"https:\/\/www.kfz-haidbauer.at\/wp-content\/uploads\/2020\/02\/Kaputtes-Auto-Verkaufen.de-Defektes-Auto-verkaufen-2-e1545459512609-o0vszl4par8247pp3bwc91eaxbp4s352ytmyg27s90-150x150.jpg 150w, https:\/\/www.kfz-haidbauer.at\/wp-content\/uploads\/2020\/02\/Kaputtes-Auto-Verkaufen.de-Defektes-Auto-verkaufen-2-e1545459512609-o0vszl4par8247pp3bwc91eaxbp4s352ytmyg27s90-100x100.jpg 100w\" sizes=\"auto, (max-width: 150px) 100vw, 150px\" \/><figcaption class=\"wp-element-caption\"><mark style=\"background-color:rgba(0, 0, 0, 0)\" class=\"has-inline-color has-very-light-gray-color\">Reparatur<\/mark><\/figcaption><\/figure>\n\n\n\n<figure class=\"wp-block-image size-large\"><img loading=\"lazy\" decoding=\"async\" width=\"300\" height=\"300\" data-id=\"207\" src=\"https:\/\/www.kfz-haidbauer.at\/wp-content\/uploads\/2020\/02\/Bremse_w600-300x300.jpg\" alt=\"\" class=\"wp-image-207\" srcset=\"https:\/\/www.kfz-haidbauer.at\/wp-content\/uploads\/2020\/02\/Bremse_w600-300x300.jpg 300w, https:\/\/www.kfz-haidbauer.at\/wp-content\/uploads\/2020\/02\/Bremse_w600-150x150.jpg 150w, https:\/\/www.kfz-haidbauer.at\/wp-content\/uploads\/2020\/02\/Bremse_w600-100x100.jpg 100w, https:\/\/www.kfz-haidbauer.at\/wp-content\/uploads\/2020\/02\/Bremse_w600.jpg 600w\" sizes=\"auto, (max-width: 300px) 100vw, 300px\" \/><figcaption class=\"wp-element-caption\"><mark style=\"background-color:rgba(0, 0, 0, 0)\" class=\"has-inline-color has-very-light-gray-color\">Bremsen<\/mark><\/figcaption><\/figure>\n\n\n\n<figure class=\"wp-block-image size-large\"><img loading=\"lazy\" decoding=\"async\" width=\"300\" height=\"171\" data-id=\"210\" src=\"https:\/\/www.kfz-haidbauer.at\/wp-content\/uploads\/2020\/02\/Kupplung-1-300x171.jpg\" alt=\"\" class=\"wp-image-210\" srcset=\"https:\/\/www.kfz-haidbauer.at\/wp-content\/uploads\/2020\/02\/Kupplung-1-300x171.jpg 300w, https:\/\/www.kfz-haidbauer.at\/wp-content\/uploads\/2020\/02\/Kupplung-1-768x439.jpg 768w, https:\/\/www.kfz-haidbauer.at\/wp-content\/uploads\/2020\/02\/Kupplung-1.jpg 840w\" sizes=\"auto, (max-width: 300px) 100vw, 300px\" \/><figcaption class=\"wp-element-caption\"><mark style=\"background-color:rgba(0, 0, 0, 0)\" class=\"has-inline-color has-very-light-gray-color\">Kupplung<\/mark><\/figcaption><\/figure>\n\n\n\n<figure class=\"wp-block-image size-large\"><img loading=\"lazy\" decoding=\"async\" width=\"300\" height=\"198\" data-id=\"211\" src=\"https:\/\/www.kfz-haidbauer.at\/wp-content\/uploads\/2020\/02\/teaserbox_2467034540-300x198.jpg\" alt=\"\" class=\"wp-image-211\" srcset=\"https:\/\/www.kfz-haidbauer.at\/wp-content\/uploads\/2020\/02\/teaserbox_2467034540-300x198.jpg 300w, https:\/\/www.kfz-haidbauer.at\/wp-content\/uploads\/2020\/02\/teaserbox_2467034540-768x508.jpg 768w, https:\/\/www.kfz-haidbauer.at\/wp-content\/uploads\/2020\/02\/teaserbox_2467034540.jpg 800w\" sizes=\"auto, (max-width: 300px) 100vw, 300px\" \/><figcaption class=\"wp-element-caption\"><mark style=\"background-color:rgba(0, 0, 0, 0)\" class=\"has-inline-color has-very-light-gray-color\">Wartung<\/mark><\/figcaption><\/figure>\n\n\n\n<figure class=\"wp-block-image size-large\"><img loading=\"lazy\" decoding=\"async\" width=\"150\" height=\"150\" data-id=\"205\" src=\"https:\/\/www.kfz-haidbauer.at\/wp-content\/uploads\/2020\/02\/zahnriemenwechsel-wann-top-150x150.jpg\" alt=\"\" class=\"wp-image-205\" srcset=\"https:\/\/www.kfz-haidbauer.at\/wp-content\/uploads\/2020\/02\/zahnriemenwechsel-wann-top-150x150.jpg 150w, https:\/\/www.kfz-haidbauer.at\/wp-content\/uploads\/2020\/02\/zahnriemenwechsel-wann-top-100x100.jpg 100w\" sizes=\"auto, (max-width: 150px) 100vw, 150px\" \/><figcaption class=\"wp-element-caption\"><mark style=\"background-color:rgba(0, 0, 0, 0)\" class=\"has-inline-color has-very-light-gray-color\">Zahnriemen<\/mark><\/figcaption><\/figure>\n\n\n\n<figure class=\"wp-block-image size-large\"><img loading=\"lazy\" decoding=\"async\" width=\"300\" height=\"225\" data-id=\"206\" src=\"https:\/\/www.kfz-haidbauer.at\/wp-content\/uploads\/2020\/02\/1200px-Nockenwellenantrieb-300x225.jpg\" alt=\"\" class=\"wp-image-206\" srcset=\"https:\/\/www.kfz-haidbauer.at\/wp-content\/uploads\/2020\/02\/1200px-Nockenwellenantrieb-300x225.jpg 300w, https:\/\/www.kfz-haidbauer.at\/wp-content\/uploads\/2020\/02\/1200px-Nockenwellenantrieb-1024x768.jpg 1024w, https:\/\/www.kfz-haidbauer.at\/wp-content\/uploads\/2020\/02\/1200px-Nockenwellenantrieb-768x576.jpg 768w, https:\/\/www.kfz-haidbauer.at\/wp-content\/uploads\/2020\/02\/1200px-Nockenwellenantrieb.jpg 1200w\" sizes=\"auto, (max-width: 300px) 100vw, 300px\" \/><figcaption class=\"wp-element-caption\"><mark style=\"background-color:rgba(0, 0, 0, 0)\" class=\"has-inline-color has-very-light-gray-color\">Steuerkette<\/mark><\/figcaption><\/figure>\n\n\n\n<figure class=\"wp-block-image size-large\"><img loading=\"lazy\" decoding=\"async\" width=\"291\" height=\"300\" data-id=\"202\" src=\"https:\/\/www.kfz-haidbauer.at\/wp-content\/uploads\/2020\/02\/Exide_EFB_01_2019_reflection_0-291x300.png\" alt=\"\" class=\"wp-image-202\" srcset=\"https:\/\/www.kfz-haidbauer.at\/wp-content\/uploads\/2020\/02\/Exide_EFB_01_2019_reflection_0-291x300.png 291w, https:\/\/www.kfz-haidbauer.at\/wp-content\/uploads\/2020\/02\/Exide_EFB_01_2019_reflection_0-994x1024.png 994w, https:\/\/www.kfz-haidbauer.at\/wp-content\/uploads\/2020\/02\/Exide_EFB_01_2019_reflection_0-768x791.png 768w, https:\/\/www.kfz-haidbauer.at\/wp-content\/uploads\/2020\/02\/Exide_EFB_01_2019_reflection_0-1491x1536.png 1491w, https:\/\/www.kfz-haidbauer.at\/wp-content\/uploads\/2020\/02\/Exide_EFB_01_2019_reflection_0-1988x2048.png 1988w, https:\/\/www.kfz-haidbauer.at\/wp-content\/uploads\/2020\/02\/Exide_EFB_01_2019_reflection_0.png 2000w\" sizes=\"auto, (max-width: 291px) 100vw, 291px\" \/><figcaption class=\"wp-element-caption\"><mark style=\"background-color:rgba(0, 0, 0, 0)\" class=\"has-inline-color has-very-light-gray-color\">Markenbatterien<br>Exide<\/mark><\/figcaption><\/figure>\n\n\n\n<figure class=\"wp-block-image size-large\"><img loading=\"lazy\" decoding=\"async\" width=\"500\" height=\"500\" data-id=\"597\" src=\"https:\/\/www.kfz-haidbauer.at\/wp-content\/uploads\/2021\/03\/560500064_H5_L2_R.png\" alt=\"\" class=\"wp-image-597\" srcset=\"https:\/\/www.kfz-haidbauer.at\/wp-content\/uploads\/2021\/03\/560500064_H5_L2_R.png 500w, https:\/\/www.kfz-haidbauer.at\/wp-content\/uploads\/2021\/03\/560500064_H5_L2_R-300x300.png 300w, https:\/\/www.kfz-haidbauer.at\/wp-content\/uploads\/2021\/03\/560500064_H5_L2_R-150x150.png 150w, https:\/\/www.kfz-haidbauer.at\/wp-content\/uploads\/2021\/03\/560500064_H5_L2_R-100x100.png 100w\" sizes=\"auto, (max-width: 500px) 100vw, 500px\" \/><figcaption class=\"wp-element-caption\"><mark style=\"background-color:rgba(0, 0, 0, 0)\" class=\"has-inline-color has-very-light-gray-color\">Markenbatterien <br>Varta<\/mark><\/figcaption><\/figure>\n<\/figure>\n<\/div><\/div>\n\n\n\n<figure class=\"wp-block-image size-full is-resized\"><img loading=\"lazy\" decoding=\"async\" width=\"340\" height=\"512\" src=\"https:\/\/www.kfz-haidbauer.at\/wp-content\/uploads\/2020\/05\/klima.jpg\" alt=\"\" class=\"wp-image-523\" style=\"width:166px;height:250px\" srcset=\"https:\/\/www.kfz-haidbauer.at\/wp-content\/uploads\/2020\/05\/klima.jpg 340w, https:\/\/www.kfz-haidbauer.at\/wp-content\/uploads\/2020\/05\/klima-199x300.jpg 199w\" sizes=\"auto, (max-width: 340px) 100vw, 340px\" \/><figcaption class=\"wp-element-caption\">Klimaservicestation<\/figcaption><\/figure>\n\n\n\n<h3 class=\"wp-block-heading has-black-color has-text-color\" id=\"windschutzscheiben-reparatur\"><strong>Windschutzscheiben-Reparatur<\/strong><\/h3>\n\n\n\n<p class=\"has-black-color has-text-color\">Steinschlag oder Riss in der Windschutzscheibe? Ab sofort sind bei uns auch Windschutzscheiben-Reparaturen m\u00f6glich. Mit unserem neuesten System ist eine Reparatur in nur wenigen Minuten m\u00f6glich! Sie sparen Zeit und Ihre Windschutzscheibe ist wie neu. <\/p>\n\n\n\n<div class=\"wp-block-group\"><div class=\"wp-block-group__inner-container is-layout-constrained wp-block-group-is-layout-constrained\">\n<div class=\"wp-block-columns is-layout-flex wp-container-core-columns-is-layout-9d6595d7 wp-block-columns-is-layout-flex\">\n<div class=\"wp-block-column is-layout-flow wp-block-column-is-layout-flow\" style=\"flex-basis:100%\">\n<figure class=\"wp-block-gallery has-nested-images columns-default is-cropped wp-block-gallery-2 is-layout-flex wp-block-gallery-is-layout-flex\">\n<figure class=\"wp-block-image size-large\"><img loading=\"lazy\" decoding=\"async\" width=\"958\" height=\"1024\" data-id=\"585\" src=\"https:\/\/www.kfz-haidbauer.at\/wp-content\/uploads\/2021\/02\/20201120_134937-1-958x1024.jpg\" alt=\"\" class=\"wp-image-585\" srcset=\"https:\/\/www.kfz-haidbauer.at\/wp-content\/uploads\/2021\/02\/20201120_134937-1-958x1024.jpg 958w, https:\/\/www.kfz-haidbauer.at\/wp-content\/uploads\/2021\/02\/20201120_134937-1-281x300.jpg 281w, https:\/\/www.kfz-haidbauer.at\/wp-content\/uploads\/2021\/02\/20201120_134937-1-768x821.jpg 768w, https:\/\/www.kfz-haidbauer.at\/wp-content\/uploads\/2021\/02\/20201120_134937-1-1437x1536.jpg 1437w, https:\/\/www.kfz-haidbauer.at\/wp-content\/uploads\/2021\/02\/20201120_134937-1.jpg 1512w\" sizes=\"auto, (max-width: 958px) 100vw, 958px\" \/><\/figure>\n\n\n\n<figure class=\"wp-block-image size-large\"><img loading=\"lazy\" decoding=\"async\" width=\"768\" height=\"1024\" data-id=\"584\" src=\"https:\/\/www.kfz-haidbauer.at\/wp-content\/uploads\/2021\/02\/20201120_134942-768x1024.jpg\" alt=\"\" class=\"wp-image-584\" srcset=\"https:\/\/www.kfz-haidbauer.at\/wp-content\/uploads\/2021\/02\/20201120_134942-768x1024.jpg 768w, https:\/\/www.kfz-haidbauer.at\/wp-content\/uploads\/2021\/02\/20201120_134942-225x300.jpg 225w, https:\/\/www.kfz-haidbauer.at\/wp-content\/uploads\/2021\/02\/20201120_134942-1152x1536.jpg 1152w, https:\/\/www.kfz-haidbauer.at\/wp-content\/uploads\/2021\/02\/20201120_134942.jpg 1512w\" sizes=\"auto, (max-width: 768px) 100vw, 768px\" \/><\/figure>\n\n\n\n<figure class=\"wp-block-image size-large\"><img loading=\"lazy\" decoding=\"async\" width=\"768\" height=\"1024\" data-id=\"587\" src=\"https:\/\/www.kfz-haidbauer.at\/wp-content\/uploads\/2021\/02\/20201120_135400-768x1024.jpg\" alt=\"\" class=\"wp-image-587\" srcset=\"https:\/\/www.kfz-haidbauer.at\/wp-content\/uploads\/2021\/02\/20201120_135400-768x1024.jpg 768w, https:\/\/www.kfz-haidbauer.at\/wp-content\/uploads\/2021\/02\/20201120_135400-225x300.jpg 225w, https:\/\/www.kfz-haidbauer.at\/wp-content\/uploads\/2021\/02\/20201120_135400-1152x1536.jpg 1152w, https:\/\/www.kfz-haidbauer.at\/wp-content\/uploads\/2021\/02\/20201120_135400.jpg 1512w\" sizes=\"auto, (max-width: 768px) 100vw, 768px\" \/><\/figure>\n<\/figure>\n<\/div>\n<\/div>\n<\/div><\/div>\n\n\n\n<h2 class=\"wp-block-heading\" id=\"jetzt-neu-diagnose-auf-anfrage-kundenservice-auf-hochstem-niveau\"><span style=\"color: #000000;\"><strong><br>Diagnose auf Anfrage! <\/strong><\/span><br><span style=\"color: #000000;\"><strong>Kundenservice auf h\u00f6chstem Niveau!<\/strong><\/span><\/h2>\n\n\n\n<div class=\"wp-block-cover alignright\"><span aria-hidden=\"true\" class=\"wp-block-cover__background has-background-dim\"><\/span><img loading=\"lazy\" decoding=\"async\" width=\"225\" height=\"300\" class=\"wp-block-cover__image-background wp-image-712\" alt=\"\" src=\"https:\/\/www.kfz-haidbauer.at\/wp-content\/uploads\/2022\/01\/Foto-Programmierung-225x300.jpg\" data-object-fit=\"cover\" srcset=\"https:\/\/www.kfz-haidbauer.at\/wp-content\/uploads\/2022\/01\/Foto-Programmierung-225x300.jpg 225w, https:\/\/www.kfz-haidbauer.at\/wp-content\/uploads\/2022\/01\/Foto-Programmierung-768x1024.jpg 768w, https:\/\/www.kfz-haidbauer.at\/wp-content\/uploads\/2022\/01\/Foto-Programmierung-1152x1536.jpg 1152w, https:\/\/www.kfz-haidbauer.at\/wp-content\/uploads\/2022\/01\/Foto-Programmierung-1536x2048.jpg 1536w, https:\/\/www.kfz-haidbauer.at\/wp-content\/uploads\/2022\/01\/Foto-Programmierung-scaled.jpg 1920w\" sizes=\"auto, (max-width: 225px) 100vw, 225px\" \/><div class=\"wp-block-cover__inner-container is-layout-flow wp-block-cover-is-layout-flow\">\n<p class=\"has-large-font-size\"><\/p>\n<\/div><\/div>\n\n\n\n<p><span style=\"color: #000000;\">Unser neues System erm\u00f6glicht die problemlose Programmierung, Kodierung und Updates von elektrischen Fahrzeugsystemen, komplexe Fehler in der Diagnostik k\u00f6nnen einfach und unkompliziert behoben werden.<\/span><\/p>\n\n\n\n<p><span style=\"color: #000000;\">Es hat aber noch mehr zu bieten:<\/span><\/p>\n\n\n\n<ul class=\"wp-block-list\">\n<li><em><span style=\"color: #000000;\">Modulprogrammierungen<\/span><\/em><\/li>\n\n\n\n<li><em><span style=\"color: #000000;\">Codierungen von Steuerger\u00e4ten u.a. Scheinwerfereinheiten, Lenkungen, Getriebesteuerger\u00e4ten nach Austausch<\/span><\/em><\/li>\n\n\n\n<li><em><span style=\"color: #000000;\">Anlernen von Schl\u00fcsseln und Fernbedingungen<\/span><\/em><\/li>\n\n\n\n<li><em><span style=\"color: #000000;\">Wegfahrsperre anlernen<\/span><\/em><\/li>\n\n\n\n<li><em><span style=\"color: #000000;\">Batterie anlernen<\/span><\/em><\/li>\n\n\n\n<li><em><span style=\"color: #000000;\">Komponentenschutz anlernen<\/span><\/em><\/li>\n\n\n\n<li><em><span style=\"color: #000000;\">Fehlerauslesung und Fehlerbehebung<\/span><\/em><\/li>\n\n\n\n<li><em><span style=\"color: #000000;\">Anh\u00e4ngerkupplung online auf Hersteller-Server codieren<\/span><\/em><\/li>\n\n\n\n<li><em><span style=\"color: #000000;\">Navigationsfreischaltung- und Kartenupdates<\/span><\/em><\/li>\n<\/ul>\n\n\n\n<p><span style=\"color: #000000;\"><br>Auch Sie sparen sich Zeit und Geld, denn unser neues System ist auf alle Automarken abgestimmt und Ihr Auto muss nicht mehr zum Hersteller \u00fcberstellt werden. Das alles machen wir! Sie zahlen auch nur f\u00fcr die Serviceleistungen, die Sie in Anspruch genommen haben.&nbsp;<\/span><\/p>\n\n\n\n<p><\/p>\n","protected":false},"excerpt":{"rendered":"<p>Wir sind eine KFZ-Meisterwerkst\u00e4tte f\u00fcr alle Autos aller Hersteller. An erster Stelle steht f\u00fcr uns der pers\u00f6nliche Kontakt zu unseren Kunden. Unser Betrieb besteht ausschlie\u00dflich aus Familienmitgliedern, die genau, zuverl\u00e4ssig und ehrlich an Ihrem KFZ arbeiten. Sie als unser Kunde sind bei uns in besten H\u00e4nden. Egal welches Problem ihr Auto aufweist, wir finden gemeinsam<span class=\"read-more-faq\"><a href=\"https:\/\/www.kfz-haidbauer.at\/?page_id=197\">Read More<\/a><\/span><\/p>\n","protected":false},"author":1,"featured_media":0,"parent":0,"menu_order":0,"comment_status":"closed","ping_status":"closed","template":"","meta":{"footnotes":""},"class_list":["post-197","page","type-page","status-publish","hentry"],"_links":{"self":[{"href":"https:\/\/www.kfz-haidbauer.at\/index.php?rest_route=\/wp\/v2\/pages\/197","targetHints":{"allow":["GET"]}}],"collection":[{"href":"https:\/\/www.kfz-haidbauer.at\/index.php?rest_route=\/wp\/v2\/pages"}],"about":[{"href":"https:\/\/www.kfz-haidbauer.at\/index.php?rest_route=\/wp\/v2\/types\/page"}],"author":[{"embeddable":true,"href":"https:\/\/www.kfz-haidbauer.at\/index.php?rest_route=\/wp\/v2\/users\/1"}],"replies":[{"embeddable":true,"href":"https:\/\/www.kfz-haidbauer.at\/index.php?rest_route=%2Fwp%2Fv2%2Fcomments&post=197"}],"version-history":[{"count":51,"href":"https:\/\/www.kfz-haidbauer.at\/index.php?rest_route=\/wp\/v2\/pages\/197\/revisions"}],"predecessor-version":[{"id":892,"href":"https:\/\/www.kfz-haidbauer.at\/index.php?rest_route=\/wp\/v2\/pages\/197\/revisions\/892"}],"wp:attachment":[{"href":"https:\/\/www.kfz-haidbauer.at\/index.php?rest_route=%2Fwp%2Fv2%2Fmedia&parent=197"}],"curies":[{"name":"wp","href":"https:\/\/api.w.org\/{rel}","templated":true}]}}